{"id":1301,"date":"2024-12-12T10:59:55","date_gmt":"2024-12-12T10:59:55","guid":{"rendered":"https:\/\/hocheckhuette.cyor24.business\/?page_id=1301"},"modified":"2024-12-12T13:47:47","modified_gmt":"2024-12-12T13:47:47","slug":"anfrage","status":"publish","type":"page","link":"https:\/\/hocheckhuette.cyor24.business\/index.php\/anfrage\/","title":{"rendered":"Anfrage"},"content":{"rendered":"\t\t<div data-elementor-type=\"wp-page\" data-elementor-id=\"1301\" class=\"elementor elementor-1301\" data-elementor-post-type=\"page\">\n\t\t\t\t<div class=\"elementor-element elementor-element-1115bcd e-con-full e-flex e-con e-parent\" data-id=\"1115bcd\" data-element_type=\"container\" data-settings=\"{&quot;background_background&quot;:&quot;classic&quot;}\">\n\t\t<div class=\"elementor-element elementor-element-84264d1 e-flex e-con-boxed e-con e-child\" data-id=\"84264d1\" data-element_type=\"container\">\n\t\t\t\t\t<div class=\"e-con-inner\">\n\t\t<div class=\"elementor-element elementor-element-738438f e-con-full e-flex e-con e-child\" data-id=\"738438f\" data-element_type=\"container\" data-settings=\"{&quot;background_background&quot;:&quot;classic&quot;}\">\n\t\t\t\t<div class=\"elementor-element elementor-element-c0bc5bf elementor-widget__width-initial elementor-widget elementor-widget-heading\" data-id=\"c0bc5bf\" data-element_type=\"widget\" data-widget_type=\"heading.default\">\n\t\t\t\t<div class=\"elementor-widget-container\">\n\t\t\t<h2 class=\"elementor-heading-title elementor-size-default\">Anfrage<\/h2>\t\t<\/div>\n\t\t\t\t<\/div>\n\t\t\t\t<div class=\"elementor-element elementor-element-d550d39 elementor-button-align-stretch elementor-widget elementor-widget-form\" data-id=\"d550d39\" data-element_type=\"widget\" data-settings=\"{&quot;step_next_label&quot;:&quot;N\\u00e4chste&quot;,&quot;step_previous_label&quot;:&quot;Vorherige&quot;,&quot;button_width&quot;:&quot;100&quot;,&quot;step_type&quot;:&quot;number_text&quot;,&quot;step_icon_shape&quot;:&quot;circle&quot;}\" data-widget_type=\"form.default\">\n\t\t\t\t<div class=\"elementor-widget-container\">\n\t\t\t\t\t<form class=\"elementor-form\" method=\"post\" name=\"New Form\">\n\t\t\t<input type=\"hidden\" name=\"post_id\" value=\"1301\"\/>\n\t\t\t<input type=\"hidden\" name=\"form_id\" value=\"d550d39\"\/>\n\t\t\t<input type=\"hidden\" name=\"referer_title\" value=\"\" \/>\n\n\t\t\t\n\t\t\t<div class=\"elementor-form-fields-wrapper elementor-labels-above\">\n\t\t\t\t\t\t\t\t<div class=\"elementor-field-type-step elementor-field-group elementor-column elementor-field-group-field_2c09501 elementor-col-100\">\n\t\t\t\t\t\t\t<div class=\"e-field-step elementor-hidden\" data-label=\"\" data-previousButton=\"\" data-nextButton=\"\" data-iconUrl=\"\" data-iconLibrary=\"fas fa-star\" data-icon=\"&lt;svg class=&quot;e-font-icon-svg e-fas-star&quot; viewBox=&quot;0 0 576 512&quot; xmlns=&quot;http:\/\/www.w3.org\/2000\/svg&quot;&gt;&lt;path d=&quot;M259.3 17.8L194 150.2 47.9 171.5c-26.2 3.8-36.7 36.1-17.7 54.6l105.7 103-25 145.5c-4.5 26.3 23.2 46 46.4 33.7L288 439.6l130.7 68.7c23.2 12.2 50.9-7.4 46.4-33.7l-25-145.5 105.7-103c19-18.5 8.5-50.8-17.7-54.6L382 150.2 316.7 17.8c-11.7-23.6-45.6-23.9-57.4 0z&quot;&gt;&lt;\/path&gt;&lt;\/svg&gt;\" ><\/div>\n\n\t\t\t\t\t\t<\/div>\n\t\t\t\t\t\t\t\t<div class=\"elementor-field-type-select elementor-field-group elementor-column elementor-field-group-name elementor-col-100 elementor-field-required\">\n\t\t\t\t\t\t\t\t\t\t\t\t<label for=\"form-field-name\" class=\"elementor-field-label\">\n\t\t\t\t\t\t\t\tIch m\u00f6chte ein(e)\t\t\t\t\t\t\t<\/label>\n\t\t\t\t\t\t\t\t<div class=\"elementor-field elementor-select-wrapper remove-before \">\n\t\t\t<div class=\"select-caret-down-wrapper\">\n\t\t\t\t<svg aria-hidden=\"true\" class=\"e-font-icon-svg e-eicon-caret-down\" viewBox=\"0 0 571.4 571.4\" xmlns=\"http:\/\/www.w3.org\/2000\/svg\"><path d=\"M571 393Q571 407 561 418L311 668Q300 679 286 679T261 668L11 418Q0 407 0 393T11 368 36 357H536Q550 357 561 368T571 393Z\"><\/path><\/svg>\t\t\t<\/div>\n\t\t\t<select name=\"form_fields[name]\" id=\"form-field-name\" class=\"elementor-field-textual elementor-size-sm\" required=\"required\" aria-required=\"true\">\n\t\t\t\t\t\t\t\t\t<option value=\"Angebot\/Preisauskunft\">Angebot\/Preisauskunft<\/option>\n\t\t\t\t\t\t\t\t\t<option value=\"Reservierung\">Reservierung<\/option>\n\t\t\t\t\t\t\t<\/select>\n\t\t<\/div>\n\t\t\t\t\t\t<\/div>\n\t\t\t\t\t\t\t\t<div class=\"elementor-field-type-date elementor-field-group elementor-column elementor-field-group-field_e463af8 elementor-col-100 elementor-field-required\">\n\t\t\t\t\t\t\t\t\t\t\t\t<label for=\"form-field-field_e463af8\" class=\"elementor-field-label\">\n\t\t\t\t\t\t\t\tVon datum:\t\t\t\t\t\t\t<\/label>\n\t\t\t\t\t\t\n\t\t<input type=\"date\" name=\"form_fields[field_e463af8]\" id=\"form-field-field_e463af8\" class=\"elementor-field elementor-size-sm  elementor-field-textual elementor-date-field\" required=\"required\" aria-required=\"true\" pattern=\"[0-9]{4}-[0-9]{2}-[0-9]{2}\">\n\t\t\t\t\t\t<\/div>\n\t\t\t\t\t\t\t\t<div class=\"elementor-field-type-date elementor-field-group elementor-column elementor-field-group-field_367eccd elementor-col-100 elementor-field-required\">\n\t\t\t\t\t\t\t\t\t\t\t\t<label for=\"form-field-field_367eccd\" class=\"elementor-field-label\">\n\t\t\t\t\t\t\t\tBis datum:\t\t\t\t\t\t\t<\/label>\n\t\t\t\t\t\t\n\t\t<input type=\"date\" name=\"form_fields[field_367eccd]\" id=\"form-field-field_367eccd\" class=\"elementor-field elementor-size-sm  elementor-field-textual elementor-date-field\" required=\"required\" aria-required=\"true\" pattern=\"[0-9]{4}-[0-9]{2}-[0-9]{2}\">\n\t\t\t\t\t\t<\/div>\n\t\t\t\t\t\t\t\t<div class=\"elementor-field-type-select elementor-field-group elementor-column elementor-field-group-field_4bdb60b elementor-col-100 elementor-field-required\">\n\t\t\t\t\t\t\t\t\t\t\t\t<label for=\"form-field-field_4bdb60b\" class=\"elementor-field-label\">\n\t\t\t\t\t\t\t\tAnzahl Erwachsene:\t\t\t\t\t\t\t<\/label>\n\t\t\t\t\t\t\t\t<div class=\"elementor-field elementor-select-wrapper remove-before \">\n\t\t\t<div class=\"select-caret-down-wrapper\">\n\t\t\t\t<svg aria-hidden=\"true\" class=\"e-font-icon-svg e-eicon-caret-down\" viewBox=\"0 0 571.4 571.4\" xmlns=\"http:\/\/www.w3.org\/2000\/svg\"><path d=\"M571 393Q571 407 561 418L311 668Q300 679 286 679T261 668L11 418Q0 407 0 393T11 368 36 357H536Q550 357 561 368T571 393Z\"><\/path><\/svg>\t\t\t<\/div>\n\t\t\t<select name=\"form_fields[field_4bdb60b]\" id=\"form-field-field_4bdb60b\" class=\"elementor-field-textual elementor-size-sm\" required=\"required\" aria-required=\"true\">\n\t\t\t\t\t\t\t\t\t<option value=\"1\">1<\/option>\n\t\t\t\t\t\t\t\t\t<option value=\"2\">2<\/option>\n\t\t\t\t\t\t\t\t\t<option value=\"3\">3<\/option>\n\t\t\t\t\t\t\t\t\t<option value=\"4\">4<\/option>\n\t\t\t\t\t\t\t\t\t<option value=\"5\">5<\/option>\n\t\t\t\t\t\t\t\t\t<option value=\"6\">6<\/option>\n\t\t\t\t\t\t\t\t\t<option value=\"7\">7<\/option>\n\t\t\t\t\t\t\t\t\t<option value=\"8\">8<\/option>\n\t\t\t\t\t\t\t\t\t<option value=\"9\">9<\/option>\n\t\t\t\t\t\t\t\t\t<option value=\"10\">10<\/option>\n\t\t\t\t\t\t\t\t\t<option value=\"11\">11<\/option>\n\t\t\t\t\t\t\t\t\t<option value=\"12\">12<\/option>\n\t\t\t\t\t\t\t\t\t<option value=\"13\">13<\/option>\n\t\t\t\t\t\t\t\t\t<option value=\"14\">14<\/option>\n\t\t\t\t\t\t\t<\/select>\n\t\t<\/div>\n\t\t\t\t\t\t<\/div>\n\t\t\t\t\t\t\t\t<div class=\"elementor-field-type-select elementor-field-group elementor-column elementor-field-group-field_056d062 elementor-col-100\">\n\t\t\t\t\t\t\t\t\t\t\t\t<label for=\"form-field-field_056d062\" class=\"elementor-field-label\">\n\t\t\t\t\t\t\t\tAnzahl Kinder:\t\t\t\t\t\t\t<\/label>\n\t\t\t\t\t\t\t\t<div class=\"elementor-field elementor-select-wrapper remove-before \">\n\t\t\t<div class=\"select-caret-down-wrapper\">\n\t\t\t\t<svg aria-hidden=\"true\" class=\"e-font-icon-svg e-eicon-caret-down\" viewBox=\"0 0 571.4 571.4\" xmlns=\"http:\/\/www.w3.org\/2000\/svg\"><path d=\"M571 393Q571 407 561 418L311 668Q300 679 286 679T261 668L11 418Q0 407 0 393T11 368 36 357H536Q550 357 561 368T571 393Z\"><\/path><\/svg>\t\t\t<\/div>\n\t\t\t<select name=\"form_fields[field_056d062]\" id=\"form-field-field_056d062\" class=\"elementor-field-textual elementor-size-sm\">\n\t\t\t\t\t\t\t\t\t<option value=\"0\">0<\/option>\n\t\t\t\t\t\t\t\t\t<option value=\"1\">1<\/option>\n\t\t\t\t\t\t\t\t\t<option value=\"2\">2<\/option>\n\t\t\t\t\t\t\t\t\t<option value=\"3\">3<\/option>\n\t\t\t\t\t\t\t\t\t<option value=\"4\">4<\/option>\n\t\t\t\t\t\t\t\t\t<option value=\"5\">5<\/option>\n\t\t\t\t\t\t\t\t\t<option value=\"6\">6<\/option>\n\t\t\t\t\t\t\t\t\t<option value=\"7\">7<\/option>\n\t\t\t\t\t\t\t\t\t<option value=\"8\">8<\/option>\n\t\t\t\t\t\t\t\t\t<option value=\"9\">9<\/option>\n\t\t\t\t\t\t\t\t\t<option value=\"10\">10<\/option>\n\t\t\t\t\t\t\t\t\t<option value=\"11\">11<\/option>\n\t\t\t\t\t\t\t\t\t<option value=\"12\">12<\/option>\n\t\t\t\t\t\t\t\t\t<option value=\"13\">13<\/option>\n\t\t\t\t\t\t\t\t\t<option value=\"14\">14<\/option>\n\t\t\t\t\t\t\t<\/select>\n\t\t<\/div>\n\t\t\t\t\t\t<\/div>\n\t\t\t\t\t\t\t\t<div class=\"elementor-field-type-select elementor-field-group elementor-column elementor-field-group-field_5279ef1 elementor-col-100\">\n\t\t\t\t\t\t\t\t\t\t\t\t<label for=\"form-field-field_5279ef1\" class=\"elementor-field-label\">\n\t\t\t\t\t\t\t\tUnterkunft:\t\t\t\t\t\t\t<\/label>\n\t\t\t\t\t\t\t\t<div class=\"elementor-field elementor-select-wrapper remove-before \">\n\t\t\t<div class=\"select-caret-down-wrapper\">\n\t\t\t\t<svg aria-hidden=\"true\" class=\"e-font-icon-svg e-eicon-caret-down\" viewBox=\"0 0 571.4 571.4\" xmlns=\"http:\/\/www.w3.org\/2000\/svg\"><path d=\"M571 393Q571 407 561 418L311 668Q300 679 286 679T261 668L11 418Q0 407 0 393T11 368 36 357H536Q550 357 561 368T571 393Z\"><\/path><\/svg>\t\t\t<\/div>\n\t\t\t<select name=\"form_fields[field_5279ef1]\" id=\"form-field-field_5279ef1\" class=\"elementor-field-textual elementor-size-sm\">\n\t\t\t\t\t\t\t\t\t<option value=\" \"> <\/option>\n\t\t\t\t\t\t\t\t\t<option value=\"\u00dcbernachtung\">\u00dcbernachtung<\/option>\n\t\t\t\t\t\t\t\t\t<option value=\"Matratzenlager\">Matratzenlager<\/option>\n\t\t\t\t\t\t\t\t\t<option value=\"Kaiserblick\">Kaiserblick<\/option>\n\t\t\t\t\t\t\t<\/select>\n\t\t<\/div>\n\t\t\t\t\t\t<\/div>\n\t\t\t\t\t\t\t\t<div class=\"elementor-field-type-step elementor-field-group elementor-column elementor-field-group-field_0356874 elementor-col-100\">\n\t\t\t\t\t\t\t<div class=\"e-field-step elementor-hidden\" data-label=\"\" data-previousButton=\"\" data-nextButton=\"\" data-iconUrl=\"\" data-iconLibrary=\"fas fa-star\" data-icon=\"&lt;svg class=&quot;e-font-icon-svg e-fas-star&quot; viewBox=&quot;0 0 576 512&quot; xmlns=&quot;http:\/\/www.w3.org\/2000\/svg&quot;&gt;&lt;path d=&quot;M259.3 17.8L194 150.2 47.9 171.5c-26.2 3.8-36.7 36.1-17.7 54.6l105.7 103-25 145.5c-4.5 26.3 23.2 46 46.4 33.7L288 439.6l130.7 68.7c23.2 12.2 50.9-7.4 46.4-33.7l-25-145.5 105.7-103c19-18.5 8.5-50.8-17.7-54.6L382 150.2 316.7 17.8c-11.7-23.6-45.6-23.9-57.4 0z&quot;&gt;&lt;\/path&gt;&lt;\/svg&gt;\" ><\/div>\n\n\t\t\t\t\t\t<\/div>\n\t\t\t\t\t\t\t\t<div class=\"elementor-field-type-select elementor-field-group elementor-column elementor-field-group-field_0caf77e elementor-col-100 elementor-field-required\">\n\t\t\t\t\t\t\t\t\t\t\t\t<label for=\"form-field-field_0caf77e\" class=\"elementor-field-label\">\n\t\t\t\t\t\t\t\tAnrede:\t\t\t\t\t\t\t<\/label>\n\t\t\t\t\t\t\t\t<div class=\"elementor-field elementor-select-wrapper remove-before \">\n\t\t\t<div class=\"select-caret-down-wrapper\">\n\t\t\t\t<svg aria-hidden=\"true\" class=\"e-font-icon-svg e-eicon-caret-down\" viewBox=\"0 0 571.4 571.4\" xmlns=\"http:\/\/www.w3.org\/2000\/svg\"><path d=\"M571 393Q571 407 561 418L311 668Q300 679 286 679T261 668L11 418Q0 407 0 393T11 368 36 357H536Q550 357 561 368T571 393Z\"><\/path><\/svg>\t\t\t<\/div>\n\t\t\t<select name=\"form_fields[field_0caf77e]\" id=\"form-field-field_0caf77e\" class=\"elementor-field-textual elementor-size-sm\" required=\"required\" aria-required=\"true\">\n\t\t\t\t\t\t\t\t\t<option value=\" \"> <\/option>\n\t\t\t\t\t\t\t\t\t<option value=\"Frau\">Frau<\/option>\n\t\t\t\t\t\t\t\t\t<option value=\"Herr\">Herr<\/option>\n\t\t\t\t\t\t\t\t\t<option value=\"Sonstige\">Sonstige<\/option>\n\t\t\t\t\t\t\t\t\t<option value=\"Firma\">Firma<\/option>\n\t\t\t\t\t\t\t<\/select>\n\t\t<\/div>\n\t\t\t\t\t\t<\/div>\n\t\t\t\t\t\t\t\t<div class=\"elementor-field-type-text elementor-field-group elementor-column elementor-field-group-field_d366595 elementor-col-50 elementor-field-required\">\n\t\t\t\t\t\t\t\t\t\t\t\t<label for=\"form-field-field_d366595\" class=\"elementor-field-label\">\n\t\t\t\t\t\t\t\tVorname:\t\t\t\t\t\t\t<\/label>\n\t\t\t\t\t\t\t\t\t\t\t\t\t\t<input size=\"1\" type=\"text\" name=\"form_fields[field_d366595]\" id=\"form-field-field_d366595\" class=\"elementor-field elementor-size-sm  elementor-field-textual\" required=\"required\" aria-required=\"true\">\n\t\t\t\t\t\t\t\t\t\t\t<\/div>\n\t\t\t\t\t\t\t\t<div class=\"elementor-field-type-text elementor-field-group elementor-column elementor-field-group-field_ade2ae4 elementor-col-50 elementor-field-required\">\n\t\t\t\t\t\t\t\t\t\t\t\t<label for=\"form-field-field_ade2ae4\" class=\"elementor-field-label\">\n\t\t\t\t\t\t\t\tNachname\t\t\t\t\t\t\t<\/label>\n\t\t\t\t\t\t\t\t\t\t\t\t\t\t<input size=\"1\" type=\"text\" name=\"form_fields[field_ade2ae4]\" id=\"form-field-field_ade2ae4\" class=\"elementor-field elementor-size-sm  elementor-field-textual\" required=\"required\" aria-required=\"true\">\n\t\t\t\t\t\t\t\t\t\t\t<\/div>\n\t\t\t\t\t\t\t\t<div class=\"elementor-field-type-text elementor-field-group elementor-column elementor-field-group-field_f4202cb elementor-col-100\">\n\t\t\t\t\t\t\t\t\t\t\t\t<label for=\"form-field-field_f4202cb\" class=\"elementor-field-label\">\n\t\t\t\t\t\t\t\tFirma:\t\t\t\t\t\t\t<\/label>\n\t\t\t\t\t\t\t\t\t\t\t\t\t\t<input size=\"1\" type=\"text\" name=\"form_fields[field_f4202cb]\" id=\"form-field-field_f4202cb\" class=\"elementor-field elementor-size-sm  elementor-field-textual\">\n\t\t\t\t\t\t\t\t\t\t\t<\/div>\n\t\t\t\t\t\t\t\t<div class=\"elementor-field-type-text elementor-field-group elementor-column elementor-field-group-field_77b80b2 elementor-col-70\">\n\t\t\t\t\t\t\t\t\t\t\t\t<label for=\"form-field-field_77b80b2\" class=\"elementor-field-label\">\n\t\t\t\t\t\t\t\tAdresse:\t\t\t\t\t\t\t<\/label>\n\t\t\t\t\t\t\t\t\t\t\t\t\t\t<input size=\"1\" type=\"text\" name=\"form_fields[field_77b80b2]\" id=\"form-field-field_77b80b2\" class=\"elementor-field elementor-size-sm  elementor-field-textual\">\n\t\t\t\t\t\t\t\t\t\t\t<\/div>\n\t\t\t\t\t\t\t\t<div class=\"elementor-field-type-text elementor-field-group elementor-column elementor-field-group-field_68629f3 elementor-col-30\">\n\t\t\t\t\t\t\t\t\t\t\t\t<label for=\"form-field-field_68629f3\" class=\"elementor-field-label\">\n\t\t\t\t\t\t\t\tPLZ\/Ort:\t\t\t\t\t\t\t<\/label>\n\t\t\t\t\t\t\t\t\t\t\t\t\t\t<input size=\"1\" type=\"text\" name=\"form_fields[field_68629f3]\" id=\"form-field-field_68629f3\" class=\"elementor-field elementor-size-sm  elementor-field-textual\">\n\t\t\t\t\t\t\t\t\t\t\t<\/div>\n\t\t\t\t\t\t\t\t<div class=\"elementor-field-type-text elementor-field-group elementor-column elementor-field-group-field_17b70dc elementor-col-100\">\n\t\t\t\t\t\t\t\t\t\t\t\t<label for=\"form-field-field_17b70dc\" class=\"elementor-field-label\">\n\t\t\t\t\t\t\t\tLand:\t\t\t\t\t\t\t<\/label>\n\t\t\t\t\t\t\t\t\t\t\t\t\t\t<input size=\"1\" type=\"text\" name=\"form_fields[field_17b70dc]\" id=\"form-field-field_17b70dc\" class=\"elementor-field elementor-size-sm  elementor-field-textual\">\n\t\t\t\t\t\t\t\t\t\t\t<\/div>\n\t\t\t\t\t\t\t\t<div class=\"elementor-field-type-tel elementor-field-group elementor-column elementor-field-group-field_f81d76e elementor-col-100 elementor-field-required\">\n\t\t\t\t\t\t\t\t\t\t\t\t<label for=\"form-field-field_f81d76e\" class=\"elementor-field-label\">\n\t\t\t\t\t\t\t\tTelefon\t\t\t\t\t\t\t<\/label>\n\t\t\t\t\t\t\t\t<input size=\"1\" type=\"tel\" name=\"form_fields[field_f81d76e]\" id=\"form-field-field_f81d76e\" class=\"elementor-field elementor-size-sm  elementor-field-textual\" required=\"required\" aria-required=\"true\" pattern=\"[0-9()#&amp;+*-=.]+\" title=\"Only numbers and phone characters (#, -, *, etc) are accepted.\">\n\n\t\t\t\t\t\t<\/div>\n\t\t\t\t\t\t\t\t<div class=\"elementor-field-type-tel elementor-field-group elementor-column elementor-field-group-field_46018ba elementor-col-50\">\n\t\t\t\t\t\t\t\t\t\t\t\t<label for=\"form-field-field_46018ba\" class=\"elementor-field-label\">\n\t\t\t\t\t\t\t\tFax\t\t\t\t\t\t\t<\/label>\n\t\t\t\t\t\t\t\t<input size=\"1\" type=\"tel\" name=\"form_fields[field_46018ba]\" id=\"form-field-field_46018ba\" class=\"elementor-field elementor-size-sm  elementor-field-textual\" pattern=\"[0-9()#&amp;+*-=.]+\" title=\"Only numbers and phone characters (#, -, *, etc) are accepted.\">\n\n\t\t\t\t\t\t<\/div>\n\t\t\t\t\t\t\t\t<div class=\"elementor-field-type-email elementor-field-group elementor-column elementor-field-group-field_0c44df6 elementor-col-50 elementor-field-required\">\n\t\t\t\t\t\t\t\t\t\t\t\t<label for=\"form-field-field_0c44df6\" class=\"elementor-field-label\">\n\t\t\t\t\t\t\t\tEmail\t\t\t\t\t\t\t<\/label>\n\t\t\t\t\t\t\t\t\t\t\t\t\t\t<input size=\"1\" type=\"email\" name=\"form_fields[field_0c44df6]\" id=\"form-field-field_0c44df6\" class=\"elementor-field elementor-size-sm  elementor-field-textual\" required=\"required\" aria-required=\"true\">\n\t\t\t\t\t\t\t\t\t\t\t<\/div>\n\t\t\t\t\t\t\t\t<div class=\"elementor-field-type-text elementor-field-group elementor-column elementor-field-group-field_4072b15 elementor-col-50\">\n\t\t\t\t\t\t\t\t\t\t\t\t<label for=\"form-field-field_4072b15\" class=\"elementor-field-label\">\n\t\t\t\t\t\t\t\tErreichbar von-bis:\t\t\t\t\t\t\t<\/label>\n\t\t\t\t\t\t\t\t\t\t\t\t\t\t<input size=\"1\" type=\"text\" name=\"form_fields[field_4072b15]\" id=\"form-field-field_4072b15\" class=\"elementor-field elementor-size-sm  elementor-field-textual\">\n\t\t\t\t\t\t\t\t\t\t\t<\/div>\n\t\t\t\t\t\t\t\t<div class=\"elementor-field-type-select elementor-field-group elementor-column elementor-field-group-field_f51bca3 elementor-col-50\">\n\t\t\t\t\t\t\t\t\t\t\t\t<label for=\"form-field-field_f51bca3\" class=\"elementor-field-label\">\n\t\t\t\t\t\t\t\tKontaktaufnahme gew\u00fcnscht via:\t\t\t\t\t\t\t<\/label>\n\t\t\t\t\t\t\t\t<div class=\"elementor-field elementor-select-wrapper remove-before \">\n\t\t\t<div class=\"select-caret-down-wrapper\">\n\t\t\t\t<svg aria-hidden=\"true\" class=\"e-font-icon-svg e-eicon-caret-down\" viewBox=\"0 0 571.4 571.4\" xmlns=\"http:\/\/www.w3.org\/2000\/svg\"><path d=\"M571 393Q571 407 561 418L311 668Q300 679 286 679T261 668L11 418Q0 407 0 393T11 368 36 357H536Q550 357 561 368T571 393Z\"><\/path><\/svg>\t\t\t<\/div>\n\t\t\t<select name=\"form_fields[field_f51bca3]\" id=\"form-field-field_f51bca3\" class=\"elementor-field-textual elementor-size-sm\">\n\t\t\t\t\t\t\t\t\t<option value=\" \"> <\/option>\n\t\t\t\t\t\t\t\t\t<option value=\"E mail\">E mail<\/option>\n\t\t\t\t\t\t\t\t\t<option value=\"Telefon\">Telefon<\/option>\n\t\t\t\t\t\t\t\t\t<option value=\"Fax\">Fax<\/option>\n\t\t\t\t\t\t\t<\/select>\n\t\t<\/div>\n\t\t\t\t\t\t<\/div>\n\t\t\t\t\t\t\t\t<div class=\"elementor-field-type-textarea elementor-field-group elementor-column elementor-field-group-field_b75c7d4 elementor-col-100\">\n\t\t\t\t\t\t\t\t\t\t\t\t<label for=\"form-field-field_b75c7d4\" class=\"elementor-field-label\">\n\t\t\t\t\t\t\t\tBemerkung:\t\t\t\t\t\t\t<\/label>\n\t\t\t\t\t\t<textarea class=\"elementor-field-textual elementor-field  elementor-size-sm\" name=\"form_fields[field_b75c7d4]\" id=\"form-field-field_b75c7d4\" rows=\"4\"><\/textarea>\t\t\t\t<\/div>\n\t\t\t\t\t\t\t\t<div class=\"elementor-field-type-acceptance elementor-field-group elementor-column elementor-field-group-field_c8afd7a elementor-col-100 elementor-field-required\">\n\t\t\t\t\t\t\t\t\t\t\t\t<label for=\"form-field-field_c8afd7a\" class=\"elementor-field-label\">\n\t\t\t\t\t\t\t\tDatenschutzerkl\u00e4rung\t\t\t\t\t\t\t<\/label>\n\t\t\t\t\t\t\t\t<div class=\"elementor-field-subgroup\">\n\t\t\t<span class=\"elementor-field-option\">\n\t\t\t\t<input type=\"checkbox\" name=\"form_fields[field_c8afd7a]\" id=\"form-field-field_c8afd7a\" class=\"elementor-field elementor-size-sm  elementor-acceptance-field\" required=\"required\" aria-required=\"true\">\n\t\t\t\t<label for=\"form-field-field_c8afd7a\">Ich habe die Aufkl\u00e4rung gem\u00e4\u00df dem folgenden <a style=\"color:#D60E0E\" href=\"https:\/\/hocheckhuette.cyor24.business\/index.php\/datenschutz\/\">Link<\/a> gelesen und verstanden\nIch stimme \u2013 in Bezug auf die Datenverarbeitung, f\u00fcr die die Einwilligung der betroffenen Person gesetzlich vorgeschrieben ist \u2013 der Verarbeitung meiner personenbezogenen Daten durch die Hocheckh\u00fctte zum Zwecke der gewerblichen Profilierung sowie der Formulierung personalisierter Angebote und personalisierter Werbung auf der Grundlage meiner get\u00e4tigten K\u00e4ufe und\/oder meines Navigationsverhaltens und\/oder sonstigen Konsumverhaltens und\/oder der in den Formularen der Webseite eingegebenen Daten und\/oder meiner Antworten in Marktforschungsumfragen zu.<\/label>\t\t\t<\/span>\n\t\t<\/div>\n\t\t\t\t\t\t<\/div>\n\t\t\t\t\t\t\t\t<div class=\"elementor-field-group elementor-column elementor-field-type-submit elementor-col-100 e-form__buttons\">\n\t\t\t\t\t<button class=\"elementor-button elementor-size-sm\" type=\"submit\">\n\t\t\t\t\t\t<span class=\"elementor-button-content-wrapper\">\n\t\t\t\t\t\t\t\t\t\t\t\t\t\t\t\t\t\t\t\t\t\t<span class=\"elementor-button-text\">ABSCHICKEN<\/span>\n\t\t\t\t\t\t\t\t\t\t\t\t\t<\/span>\n\t\t\t\t\t<\/button>\n\t\t\t\t<\/div>\n\t\t\t<\/div>\n\t\t<\/form>\n\t\t\t\t<\/div>\n\t\t\t\t<\/div>\n\t\t\t\t<\/div>\n\t\t\t\t\t<\/div>\n\t\t\t\t<\/div>\n\t\t\t\t<\/div>\n\t\t\t\t<\/div>\n\t\t","protected":false},"excerpt":{"rendered":"<p>Anfrage<\/p>\n","protected":false},"author":1,"featured_media":0,"parent":0,"menu_order":0,"comment_status":"closed","ping_status":"closed","template":"elementor_header_footer","meta":{"footnotes":""},"class_list":["post-1301","page","type-page","status-publish","hentry"],"_links":{"self":[{"href":"https:\/\/hocheckhuette.cyor24.business\/index.php\/wp-json\/wp\/v2\/pages\/1301","targetHints":{"allow":["GET"]}}],"collection":[{"href":"https:\/\/hocheckhuette.cyor24.business\/index.php\/wp-json\/wp\/v2\/pages"}],"about":[{"href":"https:\/\/hocheckhuette.cyor24.business\/index.php\/wp-json\/wp\/v2\/types\/page"}],"author":[{"embeddable":true,"href":"https:\/\/hocheckhuette.cyor24.business\/index.php\/wp-json\/wp\/v2\/users\/1"}],"replies":[{"embeddable":true,"href":"https:\/\/hocheckhuette.cyor24.business\/index.php\/wp-json\/wp\/v2\/comments?post=1301"}],"version-history":[{"count":196,"href":"https:\/\/hocheckhuette.cyor24.business\/index.php\/wp-json\/wp\/v2\/pages\/1301\/revisions"}],"predecessor-version":[{"id":1522,"href":"https:\/\/hocheckhuette.cyor24.business\/index.php\/wp-json\/wp\/v2\/pages\/1301\/revisions\/1522"}],"wp:attachment":[{"href":"https:\/\/hocheckhuette.cyor24.business\/index.php\/wp-json\/wp\/v2\/media?parent=1301"}],"curies":[{"name":"wp","href":"https:\/\/api.w.org\/{rel}","templated":true}]}}